{"id":8836,"date":"2023-01-24T16:57:56","date_gmt":"2023-01-24T14:57:56","guid":{"rendered":"https:\/\/edupluschool.com\/?page_id=8836"},"modified":"2023-08-07T18:11:03","modified_gmt":"2023-08-07T15:11:03","slug":"contact","status":"publish","type":"page","link":"https:\/\/edupluschool.com\/ro\/contact\/","title":{"rendered":"Contact"},"content":{"rendered":"<section class=\"l-section wpb_row height_medium\"><div class=\"l-section-h i-cf\"><div class=\"g-cols vc_row via_grid cols_1 laptops-cols_inherit tablets-cols_inherit mobiles-cols_1 valign_top type_default stacking_default\"><div class=\"wpb_column vc_column_container\"><div class=\"vc_column-inner\"><div class=\"g-cols wpb_row via_grid cols_1-2-1 laptops-cols_inherit tablets-cols_inherit mobiles-cols_1 valign_top type_default stacking_default\" style=\"--columns-gap:1.5rem;\"><div class=\"wpb_column vc_column_container\"><div class=\"vc_column-inner\"><\/div><\/div><div class=\"wpb_column vc_column_container\"><div class=\"vc_column-inner\"><div class=\"w-text us_custom_d009d725\"><span class=\"w-text-h\"><span class=\"w-text-value\">Contacta\u0163i-ne<\/span><\/span><\/div><div class=\"w-separator size_custom\" style=\"height:15px\"><\/div><div class=\"wpb_text_column\"><div class=\"wpb_wrapper\"><p>Dac\u0103 dori\u021bi s\u0103 ne contacta\u021bi, v\u0103 rug\u0103m s\u0103 completa\u021bi formularul de mai jos \u0219i v\u0103 vom contacta c\u00e2t mai cur\u00e2nd posibil.<\/p>\n<\/div><\/div><div class=\"w-separator size_custom\" style=\"height:15px\"><\/div><form class=\"w-form  us-field-style_1 us_custom_ea2be81a layout_ver show_message_after_sending for_cform us_form_1\" action=\"https:\/\/edupluschool.com\/ro\/ro\/wp-json\/wp\/v2\/pages\/8836\" method=\"post\" data-trp-original-action=\"https:\/\/edupluschool.com\/ro\/ro\/wp-json\/wp\/v2\/pages\/8836\"><div class=\"w-form-h\"><div class=\"w-form-row for_text required cols_2\">\r\n\t\t<div class=\"w-form-row-field\">\r\n\t\t\t\t\t\t<input aria-label=\"Prenume *\" type=\"text\" name=\"us_form_1_text_1\" value placeholder=\"Prenume\" data-required=\"true\" aria-required=\"true\"\/>\r\n\t\t\t<\/div>\r\n\t\t<div class=\"w-form-row-state\">Fill out this field<\/div>\r\n<\/div>\r\n<div class=\"w-form-row for_text required cols_2\">\r\n\t\t<div class=\"w-form-row-field\">\r\n\t\t\t\t\t\t<input aria-label=\"Nom\" type=\"text\" name=\"us_form_1_text_2\" value placeholder=\"Nume\" data-required=\"true\" aria-required=\"true\"\/>\r\n\t\t\t<\/div>\r\n\t\t<div class=\"w-form-row-state\">Fill out this field<\/div>\r\n<\/div>\r\n<div class=\"w-form-row for_email required cols_2\">\r\n\t\t<div class=\"w-form-row-field\">\r\n\t\t\t\t\t\t<input aria-label=\"E-mail\" type=\"email\" name=\"us_form_1_email_1\" value placeholder=\"Email\" data-required=\"true\" aria-required=\"true\"\/>\r\n\t\t\t<\/div>\r\n\t\t<div class=\"w-form-row-state\">Te rog s\u0103 introduci o adres\u0103 de email valid\u0103.<\/div>\r\n<\/div>\r\n<div class=\"w-form-row for_text cols_2\">\r\n\t\t<div class=\"w-form-row-field\">\r\n\t\t\t\t\t\t<input aria-label=\"Telefon\" inputmode=\"tel\" type=\"text\" name=\"us_form_1_text_3\" value placeholder=\"Telefon\"\/>\r\n\t\t\t<\/div>\r\n\t\t<div class=\"w-form-row-state\">Fill out this field<\/div>\r\n<\/div>\r\n<div class=\"w-form-row for_textarea\">\r\n\t\t<div class=\"w-form-row-field\">\r\n\t\t\t\t\t\t<textarea aria-label=\"Mesaj\" name=\"us_form_1_textarea_1\" placeholder=\"Mesaj\"><\/textarea>\r\n\t\t\t<\/div>\r\n\t\t<div class=\"w-form-row-state\">Fill out this field<\/div>\r\n<\/div>\r\n<div class=\"w-form-row for_agreement required\">\r\n\t\t<div class=\"w-form-row-field\">\r\n\t\t\t\t<label>\r\n\t\t\t<input type=\"checkbox\" value=\"1\" data-required=\"true\" aria-required=\"true\" name=\"us_form_1_agreement_1\"\/>\r\n\t\t\t<span>Prin trimiterea acestui formular declar c\u0103 sunt de acord cu politica de prelucrare a datelor cu caracter personal.<\/span>\r\n\t\t<\/label>\r\n\t\t\t<\/div>\r\n\t\t<div class=\"w-form-row-state\">You need to agree with the terms to proceed<\/div>\r\n<\/div>\r\n<input type=\"hidden\" name=\"action\" value=\"us_ajax_cform\" \/>\r\n<input type=\"hidden\" name=\"post_id\" value=\"0\" \/>\r\n<input type=\"hidden\" name=\"form_index\" value=\"1\" \/>\r\n<div class=\"w-form-row for_submit align_left\"><button class=\"w-btn us-btn-style_15\" type=\"submit\" aria-label=\"Trimite\"><span class=\"g-preloader type_1\"><\/span><span class=\"w-btn-label\">Trimite<\/span><\/button><\/div><\/div><div class=\"w-form-message\"><\/div><div class=\"w-form-json hidden\" onclick='return {&quot;ajaxurl&quot;:&quot;https:\\\/\\\/edupluschool.com\\\/wp-admin\\\/admin-ajax.php&quot;,&quot;messages&quot;:{&quot;err_empty&quot;:&quot;Fill out this field&quot;,&quot;err_size&quot;:&quot;File size cannot exceed %s MB&quot;,&quot;err_extension&quot;:&quot;%s file type is not allowed&quot;,&quot;err_recaptcha_keys&quot;:&quot;reCAPTCHA keys are incorrect&quot;}}'><\/div><input type=\"hidden\" name=\"trp-form-language\" value=\"ro\"\/><\/form><\/div><\/div><div class=\"wpb_column vc_column_container\"><div class=\"vc_column-inner\"><\/div><\/div><\/div><\/div><\/div><\/div><\/div><\/section>","protected":false},"excerpt":{"rendered":"Contactez-nousSi vous souhaitez nous contacter, merci de bien vouloir remplir le formulaire ci-dessous, et nous reviendrons vers vous au plus vite. Fill out this field Fill out this field Te rog s\u0103 introduci o adres\u0103 de email valid\u0103. Fill out this field Fill out this field En soumettant ce formulaire, j'accepte que les informations saisies...","protected":false},"author":2,"featured_media":0,"parent":0,"menu_order":0,"comment_status":"closed","ping_status":"closed","template":"","meta":{"_acf_changed":false,"footnotes":""},"class_list":["post-8836","page","type-page","status-publish","hentry"],"acf":[],"yoast_head":"<!-- This site is optimized with the Yoast SEO plugin v27.3 - https:\/\/yoast.com\/product\/yoast-seo-wordpress\/ -->\n<title>Contact | Edupluschool<\/title>\n<meta name=\"description\" content=\"Strada Ioan Bianu 27, Bucure\u0219ti 011091. Contactez-nous par t\u00e9l\u00e9phone entre 9h et 11h ou entre 17h et 19h au +40 740 010 643\" \/>\n<meta name=\"robots\" content=\"index, follow, max-snippet:-1, max-image-preview:large, max-video-preview:-1\" \/>\n<link rel=\"canonical\" href=\"https:\/\/edupluschool.com\/ro\/contact\/\" \/>\n<meta property=\"og:locale\" content=\"ro_RO\" \/>\n<meta property=\"og:type\" content=\"article\" \/>\n<meta property=\"og:title\" content=\"Contact | Edupluschool\" \/>\n<meta property=\"og:description\" content=\"Strada Ioan Bianu 27, Bucure\u0219ti 011091. Contactez-nous par t\u00e9l\u00e9phone entre 9h et 11h ou entre 17h et 19h au +40 740 010 643\" \/>\n<meta property=\"og:url\" content=\"https:\/\/edupluschool.com\/ro\/contact\/\" \/>\n<meta property=\"og:site_name\" content=\"Edupluschool\" \/>\n<meta property=\"article:publisher\" content=\"https:\/\/www.facebook.com\/edupluschool\/\" \/>\n<meta property=\"article:modified_time\" content=\"2023-08-07T15:11:03+00:00\" \/>\n<meta name=\"twitter:label1\" content=\"Timp estimat pentru citire\" \/>\n\t<meta name=\"twitter:data1\" content=\"1 minut\" \/>\n<script type=\"application\/ld+json\" class=\"yoast-schema-graph\">{\"@context\":\"https:\\\/\\\/schema.org\",\"@graph\":[{\"@type\":\"WebPage\",\"@id\":\"https:\\\/\\\/edupluschool.com\\\/contact\\\/\",\"url\":\"https:\\\/\\\/edupluschool.com\\\/contact\\\/\",\"name\":\"Contact | Edupluschool\",\"isPartOf\":{\"@id\":\"https:\\\/\\\/edupluschool.com\\\/#website\"},\"datePublished\":\"2023-01-24T14:57:56+00:00\",\"dateModified\":\"2023-08-07T15:11:03+00:00\",\"description\":\"Strada Ioan Bianu 27, Bucure\u0219ti 011091. Contactez-nous par t\u00e9l\u00e9phone entre 9h et 11h ou entre 17h et 19h au +40 740 010 643\",\"inLanguage\":\"ro-RO\",\"potentialAction\":[{\"@type\":\"ReadAction\",\"target\":[\"https:\\\/\\\/edupluschool.com\\\/contact\\\/\"]}]},{\"@type\":\"WebSite\",\"@id\":\"https:\\\/\\\/edupluschool.com\\\/#website\",\"url\":\"https:\\\/\\\/edupluschool.com\\\/\",\"name\":\"Edupluschool\",\"description\":\"Education is the priority\",\"publisher\":{\"@id\":\"https:\\\/\\\/edupluschool.com\\\/#organization\"},\"alternateName\":\"Edu +\",\"potentialAction\":[{\"@type\":\"SearchAction\",\"target\":{\"@type\":\"EntryPoint\",\"urlTemplate\":\"https:\\\/\\\/edupluschool.com\\\/?s={search_term_string}\"},\"query-input\":{\"@type\":\"PropertyValueSpecification\",\"valueRequired\":true,\"valueName\":\"search_term_string\"}}],\"inLanguage\":\"ro-RO\"},{\"@type\":\"Organization\",\"@id\":\"https:\\\/\\\/edupluschool.com\\\/#organization\",\"name\":\"EDU PLUS SCHOOL SRL\",\"alternateName\":\"EDU +\",\"url\":\"https:\\\/\\\/edupluschool.com\\\/\",\"logo\":{\"@type\":\"ImageObject\",\"inLanguage\":\"ro-RO\",\"@id\":\"https:\\\/\\\/edupluschool.com\\\/#\\\/schema\\\/logo\\\/image\\\/\",\"url\":\"https:\\\/\\\/edupluschool.com\\\/wp-content\\\/uploads\\\/2022\\\/10\\\/logo-blue.png\",\"contentUrl\":\"https:\\\/\\\/edupluschool.com\\\/wp-content\\\/uploads\\\/2022\\\/10\\\/logo-blue.png\",\"width\":400,\"height\":102,\"caption\":\"EDU PLUS SCHOOL SRL\"},\"image\":{\"@id\":\"https:\\\/\\\/edupluschool.com\\\/#\\\/schema\\\/logo\\\/image\\\/\"},\"sameAs\":[\"https:\\\/\\\/www.facebook.com\\\/edupluschool\\\/\",\"https:\\\/\\\/www.instagram.com\\\/eduplus_school\\\/\"]}]}<\/script>\n<!-- \/ Yoast SEO plugin. -->","yoast_head_json":{"title":"Contact | Edupluschool","description":"Strada Ioan Bianu 27, Bucure\u0219ti 011091. Contacta\u021bi-ne telefonic \u00eentre orele 9:00 \u0219i 11:00 sau \u00eentre orele 17:00 \u0219i 19:00 la +40 740 010 643","robots":{"index":"index","follow":"follow","max-snippet":"max-snippet:-1","max-image-preview":"max-image-preview:large","max-video-preview":"max-video-preview:-1"},"canonical":"https:\/\/edupluschool.com\/ro\/contact\/","og_locale":"ro_RO","og_type":"article","og_title":"Contact | Edupluschool","og_description":"Strada Ioan Bianu 27, Bucure\u0219ti 011091. Contactez-nous par t\u00e9l\u00e9phone entre 9h et 11h ou entre 17h et 19h au +40 740 010 643","og_url":"https:\/\/edupluschool.com\/ro\/contact\/","og_site_name":"Edupluschool","article_publisher":"https:\/\/www.facebook.com\/edupluschool\/","article_modified_time":"2023-08-07T15:11:03+00:00","twitter_misc":{"Timp estimat pentru citire":"1 minut"},"schema":{"@context":"https:\/\/schema.org","@graph":[{"@type":"WebPage","@id":"https:\/\/edupluschool.com\/contact\/","url":"https:\/\/edupluschool.com\/contact\/","name":"Contact | Edupluschool","isPartOf":{"@id":"https:\/\/edupluschool.com\/#website"},"datePublished":"2023-01-24T14:57:56+00:00","dateModified":"2023-08-07T15:11:03+00:00","description":"Strada Ioan Bianu 27, Bucure\u0219ti 011091. Contacta\u021bi-ne telefonic \u00eentre orele 9:00 \u0219i 11:00 sau \u00eentre orele 17:00 \u0219i 19:00 la +40 740 010 643","inLanguage":"ro-RO","potentialAction":[{"@type":"ReadAction","target":["https:\/\/edupluschool.com\/contact\/"]}]},{"@type":"WebSite","@id":"https:\/\/edupluschool.com\/#website","url":"https:\/\/edupluschool.com\/","name":"Edupluschool","description":"Education is the priority","publisher":{"@id":"https:\/\/edupluschool.com\/#organization"},"alternateName":"Edu +","potentialAction":[{"@type":"SearchAction","target":{"@type":"EntryPoint","urlTemplate":"https:\/\/edupluschool.com\/?s={search_term_string}"},"query-input":{"@type":"PropertyValueSpecification","valueRequired":true,"valueName":"search_term_string"}}],"inLanguage":"ro-RO"},{"@type":"Organization","@id":"https:\/\/edupluschool.com\/#organization","name":"EDU PLUS SCHOOL SRL","alternateName":"EDU +","url":"https:\/\/edupluschool.com\/","logo":{"@type":"ImageObject","inLanguage":"ro-RO","@id":"https:\/\/edupluschool.com\/#\/schema\/logo\/image\/","url":"https:\/\/edupluschool.com\/wp-content\/uploads\/2022\/10\/logo-blue.png","contentUrl":"https:\/\/edupluschool.com\/wp-content\/uploads\/2022\/10\/logo-blue.png","width":400,"height":102,"caption":"EDU PLUS SCHOOL SRL"},"image":{"@id":"https:\/\/edupluschool.com\/#\/schema\/logo\/image\/"},"sameAs":["https:\/\/www.facebook.com\/edupluschool\/","https:\/\/www.instagram.com\/eduplus_school\/"]}]}},"_links":{"self":[{"href":"https:\/\/edupluschool.com\/ro\/wp-json\/wp\/v2\/pages\/8836","targetHints":{"allow":["GET"]}}],"collection":[{"href":"https:\/\/edupluschool.com\/ro\/wp-json\/wp\/v2\/pages"}],"about":[{"href":"https:\/\/edupluschool.com\/ro\/wp-json\/wp\/v2\/types\/page"}],"author":[{"embeddable":true,"href":"https:\/\/edupluschool.com\/ro\/wp-json\/wp\/v2\/users\/2"}],"replies":[{"embeddable":true,"href":"https:\/\/edupluschool.com\/ro\/wp-json\/wp\/v2\/comments?post=8836"}],"version-history":[{"count":5,"href":"https:\/\/edupluschool.com\/ro\/wp-json\/wp\/v2\/pages\/8836\/revisions"}],"predecessor-version":[{"id":10232,"href":"https:\/\/edupluschool.com\/ro\/wp-json\/wp\/v2\/pages\/8836\/revisions\/10232"}],"wp:attachment":[{"href":"https:\/\/edupluschool.com\/ro\/wp-json\/wp\/v2\/media?parent=8836"}],"curies":[{"name":"wp","href":"https:\/\/api.w.org\/{rel}","templated":true}]}}