{"id":8192,"date":"2022-12-22T10:47:24","date_gmt":"2022-12-22T08:47:24","guid":{"rendered":"https:\/\/edupluschool.com\/?page_id=8192"},"modified":"2023-02-09T08:49:02","modified_gmt":"2023-02-09T06:49:02","slug":"formation-professionnelle","status":"publish","type":"page","link":"https:\/\/edupluschool.com\/fr\/formation-professionnelle\/","title":{"rendered":"Formation professionnelle"},"content":{"rendered":"<section class=\"l-section wpb_row height_large color_primary with_img\"><div class=\"l-section-img\" role=\"img\" aria-label=\"Image\" data-img-width=\"1029\" data-img-height=\"667\" style=\"background-image: url(https:\/\/edupluschool.com\/wp-content\/uploads\/2023\/01\/formation.jpg);background-repeat: no-repeat;\"><\/div><div class=\"l-section-overlay\" style=\"background:linear-gradient(185deg,rgba(15,19,31,0.55),rgba(0,0,0,0.00))\"><\/div><div class=\"l-section-h i-cf\"><div class=\"g-cols vc_row via_grid cols_1 laptops-cols_inherit tablets-cols_inherit mobiles-cols_1 valign_top type_default stacking_default\"><div class=\"wpb_column vc_column_container\"><div class=\"vc_column-inner\"><div class=\"w-separator size_large\"><\/div><div class=\"w-separator size_large\"><\/div><div class=\"wpb_text_column us_custom_c81c323b\"><div class=\"wpb_wrapper\"><p>Avec EDU +,<br \/>\ntrouvez votre formation adapt\u00e9e<\/p>\n<\/div><\/div><div class=\"w-separator size_large\"><\/div><div class=\"w-separator size_large\"><\/div><\/div><\/div><\/div><\/div><\/section><section class=\"l-section wpb_row us_custom_a8c3cdb1 height_auto width_custom color_primary\" style=\"--site-content-width:1400px;\"><div class=\"l-section-overlay\" style=\"background:linear-gradient(185deg,rgba(15,19,31,0.55),rgba(0,0,0,0.00))\"><\/div><div class=\"l-section-h i-cf\"><div class=\"g-cols vc_row via_grid cols_1 laptops-cols_inherit tablets-cols_inherit mobiles-cols_1 valign_top type_default stacking_default\" style=\"--columns-gap:4rem;\"><div class=\"wpb_column vc_column_container\"><div class=\"vc_column-inner\"><div class=\"w-separator size_small\"><\/div><div class=\"wpb_text_column us_custom_35bf241e\"><div class=\"wpb_wrapper\"><p>S&rsquo;inscrire&#8230; rien de plus simple !<\/p>\n<\/div><\/div><div class=\"w-separator size_small\"><\/div><div class=\"g-cols wpb_row via_grid cols_3 laptops-cols_inherit tablets-cols_inherit mobiles-cols_1 valign_top type_default stacking_default\" style=\"--columns-gap:3rem;\"><div class=\"wpb_column vc_column_container\"><div class=\"vc_column-inner\"><p class=\"w-text us_custom_59c9a240 no_text icon_atleft\"><span class=\"w-text-h\"><i class=\"fas fa-ballot-check\"><\/i><span class=\"w-text-value\"><\/span><\/span><\/p><h5 class=\"w-text\"><span class=\"w-text-h\"><span class=\"w-text-value\">1. Je choisis ma formation et m&rsquo;inscris en ligne<\/span><\/span><\/h5><div class=\"wpb_text_column us_custom_148a6181\"><div class=\"wpb_wrapper\"><p>en quelques clics seulement<\/p>\n<\/div><\/div><\/div><\/div><div class=\"wpb_column vc_column_container\"><div class=\"vc_column-inner\"><p class=\"w-text us_custom_59c9a240 no_text icon_atleft\"><span class=\"w-text-h\"><i class=\"fas fa-shopping-cart\"><\/i><span class=\"w-text-value\"><\/span><\/span><\/p><h5 class=\"w-text\"><span class=\"w-text-h\"><span class=\"w-text-value\">2. Je paie ma formation sur une plateforme s\u00e9curis\u00e9e<\/span><\/span><\/h5><div class=\"wpb_text_column us_custom_148a6181\"><div class=\"wpb_wrapper\"><p>et je re\u00e7ois un mail de confirmation<\/p>\n<\/div><\/div><\/div><\/div><div class=\"wpb_column vc_column_container\"><div class=\"vc_column-inner\"><p class=\"w-text us_custom_59c9a240 no_text icon_atleft\"><span class=\"w-text-h\"><i class=\"fas fa-video\"><\/i><span class=\"w-text-value\"><\/span><\/span><\/p><h5 class=\"w-text\"><span class=\"w-text-h\"><span class=\"w-text-value\">3. Je suis inscrit \u00e0 la formation choisie<\/span><\/span><\/h5><div class=\"wpb_text_column us_custom_148a6181\"><div class=\"wpb_wrapper\"><p>accessible sur la plateforme Zoom<\/p>\n<\/div><\/div><\/div><\/div><\/div><div class=\"w-separator size_small\"><\/div><\/div><\/div><\/div><\/div><\/section>\n","protected":false},"excerpt":{"rendered":"Avec EDU +, trouvez votre formation adapt\u00e9e S&rsquo;inscrire&#8230; rien de plus simple ! 1. Je choisis ma formation et m&rsquo;inscris en ligneen quelques clics seulement 2. Je paie ma formation sur une plateforme s\u00e9curis\u00e9eet je re\u00e7ois un mail de confirmation 3. Je suis inscrit \u00e0 la formation choisieaccessible sur la plateforme Zoom","protected":false},"author":2,"featured_media":0,"parent":0,"menu_order":0,"comment_status":"closed","ping_status":"closed","template":"","meta":{"_acf_changed":false,"footnotes":""},"class_list":["post-8192","page","type-page","status-publish","hentry"],"acf":[],"yoast_head":"<!-- This site is optimized with the Yoast SEO plugin v27.3 - https:\/\/yoast.com\/product\/yoast-seo-wordpress\/ -->\n<title>Formation professionnelle | Edupluschool<\/title>\n<meta name=\"robots\" content=\"noindex, nofollow\" \/>\n<meta property=\"og:locale\" content=\"fr_FR\" \/>\n<meta property=\"og:type\" content=\"article\" \/>\n<meta property=\"og:title\" content=\"Formation professionnelle | Edupluschool\" \/>\n<meta property=\"og:url\" content=\"https:\/\/edupluschool.com\/fr\/formation-professionnelle\/\" \/>\n<meta property=\"og:site_name\" content=\"Edupluschool\" \/>\n<meta property=\"article:publisher\" content=\"https:\/\/www.facebook.com\/edupluschool\/\" \/>\n<meta property=\"article:modified_time\" content=\"2023-02-09T06:49:02+00:00\" \/>\n<meta name=\"twitter:label1\" content=\"Dur\u00e9e de lecture estim\u00e9e\" \/>\n\t<meta name=\"twitter:data1\" content=\"2 minutes\" \/>\n<script type=\"application\/ld+json\" class=\"yoast-schema-graph\">{\"@context\":\"https:\\\/\\\/schema.org\",\"@graph\":[{\"@type\":\"WebPage\",\"@id\":\"https:\\\/\\\/edupluschool.com\\\/formation-professionnelle\\\/\",\"url\":\"https:\\\/\\\/edupluschool.com\\\/formation-professionnelle\\\/\",\"name\":\"Formation professionnelle | Edupluschool\",\"isPartOf\":{\"@id\":\"https:\\\/\\\/edupluschool.com\\\/#website\"},\"datePublished\":\"2022-12-22T08:47:24+00:00\",\"dateModified\":\"2023-02-09T06:49:02+00:00\",\"inLanguage\":\"fr-FR\",\"potentialAction\":[{\"@type\":\"ReadAction\",\"target\":[\"https:\\\/\\\/edupluschool.com\\\/formation-professionnelle\\\/\"]}]},{\"@type\":\"WebSite\",\"@id\":\"https:\\\/\\\/edupluschool.com\\\/#website\",\"url\":\"https:\\\/\\\/edupluschool.com\\\/\",\"name\":\"Edupluschool\",\"description\":\"Education is the priority\",\"publisher\":{\"@id\":\"https:\\\/\\\/edupluschool.com\\\/#organization\"},\"alternateName\":\"Edu +\",\"potentialAction\":[{\"@type\":\"SearchAction\",\"target\":{\"@type\":\"EntryPoint\",\"urlTemplate\":\"https:\\\/\\\/edupluschool.com\\\/?s={search_term_string}\"},\"query-input\":{\"@type\":\"PropertyValueSpecification\",\"valueRequired\":true,\"valueName\":\"search_term_string\"}}],\"inLanguage\":\"fr-FR\"},{\"@type\":\"Organization\",\"@id\":\"https:\\\/\\\/edupluschool.com\\\/#organization\",\"name\":\"EDU PLUS SCHOOL SRL\",\"alternateName\":\"EDU +\",\"url\":\"https:\\\/\\\/edupluschool.com\\\/\",\"logo\":{\"@type\":\"ImageObject\",\"inLanguage\":\"fr-FR\",\"@id\":\"https:\\\/\\\/edupluschool.com\\\/#\\\/schema\\\/logo\\\/image\\\/\",\"url\":\"https:\\\/\\\/edupluschool.com\\\/wp-content\\\/uploads\\\/2022\\\/10\\\/logo-blue.png\",\"contentUrl\":\"https:\\\/\\\/edupluschool.com\\\/wp-content\\\/uploads\\\/2022\\\/10\\\/logo-blue.png\",\"width\":400,\"height\":102,\"caption\":\"EDU PLUS SCHOOL SRL\"},\"image\":{\"@id\":\"https:\\\/\\\/edupluschool.com\\\/#\\\/schema\\\/logo\\\/image\\\/\"},\"sameAs\":[\"https:\\\/\\\/www.facebook.com\\\/edupluschool\\\/\",\"https:\\\/\\\/www.instagram.com\\\/eduplus_school\\\/\"]}]}<\/script>\n<!-- \/ Yoast SEO plugin. -->","yoast_head_json":{"title":"Formation professionnelle | Edupluschool","robots":{"index":"noindex","follow":"nofollow"},"og_locale":"fr_FR","og_type":"article","og_title":"Formation professionnelle | Edupluschool","og_url":"https:\/\/edupluschool.com\/fr\/formation-professionnelle\/","og_site_name":"Edupluschool","article_publisher":"https:\/\/www.facebook.com\/edupluschool\/","article_modified_time":"2023-02-09T06:49:02+00:00","twitter_misc":{"Dur\u00e9e de lecture estim\u00e9e":"2 minutes"},"schema":{"@context":"https:\/\/schema.org","@graph":[{"@type":"WebPage","@id":"https:\/\/edupluschool.com\/formation-professionnelle\/","url":"https:\/\/edupluschool.com\/formation-professionnelle\/","name":"Formation professionnelle | Edupluschool","isPartOf":{"@id":"https:\/\/edupluschool.com\/#website"},"datePublished":"2022-12-22T08:47:24+00:00","dateModified":"2023-02-09T06:49:02+00:00","inLanguage":"fr-FR","potentialAction":[{"@type":"ReadAction","target":["https:\/\/edupluschool.com\/formation-professionnelle\/"]}]},{"@type":"WebSite","@id":"https:\/\/edupluschool.com\/#website","url":"https:\/\/edupluschool.com\/","name":"Edupluschool","description":"Education is the priority","publisher":{"@id":"https:\/\/edupluschool.com\/#organization"},"alternateName":"Edu +","potentialAction":[{"@type":"SearchAction","target":{"@type":"EntryPoint","urlTemplate":"https:\/\/edupluschool.com\/?s={search_term_string}"},"query-input":{"@type":"PropertyValueSpecification","valueRequired":true,"valueName":"search_term_string"}}],"inLanguage":"fr-FR"},{"@type":"Organization","@id":"https:\/\/edupluschool.com\/#organization","name":"EDU PLUS SCHOOL SRL","alternateName":"EDU +","url":"https:\/\/edupluschool.com\/","logo":{"@type":"ImageObject","inLanguage":"fr-FR","@id":"https:\/\/edupluschool.com\/#\/schema\/logo\/image\/","url":"https:\/\/edupluschool.com\/wp-content\/uploads\/2022\/10\/logo-blue.png","contentUrl":"https:\/\/edupluschool.com\/wp-content\/uploads\/2022\/10\/logo-blue.png","width":400,"height":102,"caption":"EDU PLUS SCHOOL SRL"},"image":{"@id":"https:\/\/edupluschool.com\/#\/schema\/logo\/image\/"},"sameAs":["https:\/\/www.facebook.com\/edupluschool\/","https:\/\/www.instagram.com\/eduplus_school\/"]}]}},"_links":{"self":[{"href":"https:\/\/edupluschool.com\/fr\/wp-json\/wp\/v2\/pages\/8192","targetHints":{"allow":["GET"]}}],"collection":[{"href":"https:\/\/edupluschool.com\/fr\/wp-json\/wp\/v2\/pages"}],"about":[{"href":"https:\/\/edupluschool.com\/fr\/wp-json\/wp\/v2\/types\/page"}],"author":[{"embeddable":true,"href":"https:\/\/edupluschool.com\/fr\/wp-json\/wp\/v2\/users\/2"}],"replies":[{"embeddable":true,"href":"https:\/\/edupluschool.com\/fr\/wp-json\/wp\/v2\/comments?post=8192"}],"version-history":[{"count":0,"href":"https:\/\/edupluschool.com\/fr\/wp-json\/wp\/v2\/pages\/8192\/revisions"}],"wp:attachment":[{"href":"https:\/\/edupluschool.com\/fr\/wp-json\/wp\/v2\/media?parent=8192"}],"curies":[{"name":"wp","href":"https:\/\/api.w.org\/{rel}","templated":true}]}}