{"id":8221,"date":"2022-12-29T11:29:15","date_gmt":"2022-12-29T09:29:15","guid":{"rendered":"https:\/\/edupluschool.com\/?page_id=8221"},"modified":"2023-07-19T16:26:45","modified_gmt":"2023-07-19T13:26:45","slug":"a-propos","status":"publish","type":"page","link":"https:\/\/edupluschool.com\/en\/about\/","title":{"rendered":"About"},"content":{"rendered":"<section class=\"l-section wpb_row height_small\"><div class=\"l-section-h i-cf\"><div class=\"g-cols vc_row via_grid cols_3-2 laptops-cols_inherit tablets-cols_inherit mobiles-cols_1 valign_middle type_default stacking_default\" style=\"--columns-gap:1.5rem;\"><div class=\"wpb_column vc_column_container\"><div class=\"vc_column-inner\"><h2 style=\"text-align: left;font-family:Abril Fatface;font-weight:400;font-style:normal\" class=\"vc_custom_heading vc_do_custom_heading us_custom_da9999f5\" >Edu +, you need to join to try<\/h2><div class=\"wpb_text_column\"><div class=\"wpb_wrapper\"><p>Our educational methods are based on AGILE methods which take into account the needs of the learner and in particular the communication needs.<\/p>\n<p>All courses have a pedagogical follow-up via a \u201clearning contract\u201d, which responds to the needs of learning a language, an educational subject, or professional training.<\/p>\n<p>EDU+ is a team of teachers who work with communicative and age-appropriate methods. We work online interactively and with small groups for greater convenience.<\/p>\n<p>EDU + is also an educational team that works together, putting people at the center of its concerns and educational excellence.<\/p>\n<p>Finally, EDU + represents the continuous training of teachers making use of the latest methods in educational engineering, and of high-performance digital tools (Learning management system) via a learning platform.<\/p>\n<p><strong>Want to discover our programs? Don't hesitate and sign up!<\/strong><\/p>\n<\/div><\/div><div class=\"w-separator size_small\"><\/div><\/div><\/div><div class=\"wpb_column vc_column_container\"><div class=\"vc_column-inner\"><div class=\"g-cols wpb_row us_custom_223b06fb via_grid cols_1 laptops-cols_inherit tablets-cols_inherit mobiles-cols_1 valign_top type_default stacking_default\" style=\"--columns-gap:3rem;\"><div class=\"wpb_column vc_column_container\"><div class=\"vc_column-inner\"><div class=\"w-text us_custom_a88e4de8 has_text_color icon_atleft\"><span class=\"w-text-h\"><i class=\"fas fa-quote-left\"><\/i><span class=\"w-text-value\">L&rsquo;\u00e9ducation est l&rsquo;arme la plus puissante pour changer le monde.<\/span><\/span><\/div><div class=\"w-text us_custom_aee5eca3 has_text_color\"><span class=\"w-text-h\"><span class=\"w-text-value\">Nelson Mandela<\/span><\/span><\/div><\/div><\/div><\/div><\/div><\/div><\/div><\/div><\/section><section class=\"l-section wpb_row hide_on_default hide_on_laptops hide_on_tablets hide_on_mobiles height_small\"><div class=\"l-section-h i-cf\"><div class=\"g-cols vc_row via_grid cols_2-1 laptops-cols_inherit tablets-cols_inherit mobiles-cols_1 valign_top type_default stacking_default\" style=\"--columns-gap:1.5rem;\"><div class=\"wpb_column vc_column_container\"><div class=\"vc_column-inner\"><div class=\"w-separator size_small\"><\/div><h2 style=\"text-align: left;font-family:Abril Fatface;font-weight:400;font-style:normal\" class=\"vc_custom_heading vc_do_custom_heading us_custom_da9999f5\" >Why Edu+ School?<\/h2><div class=\"wpb_text_column\"><div class=\"wpb_wrapper\"><p>After almost 20 years in the educational field in Europe and 10 years in Romania with the French Institute as Head of Education and Course Director, I decided to further focus my work in three fundamental areas of education: foreign languages, homework tutoring, and vocational training for adults.<\/p>\n<p>Each parent, each child, each adult wants to develop their personal skills, to be able to adapt more easily to the world around them and to integrate perfectly into the job market.<\/p>\n<\/div><\/div><div class=\"w-separator size_small\"><\/div><\/div><\/div><div class=\"wpb_column vc_column_container hide_on_default hide_on_laptops hide_on_tablets hide_on_mobiles\"><div class=\"vc_column-inner\"><div class=\"w-separator size_small\"><\/div><div class=\"w-image us_custom_447bff20 has_ratio align_none\"><div class=\"w-image-h\"><div style=\"padding-bottom:100%\"><\/div><img decoding=\"async\" width=\"625\" height=\"535\" src=\"https:\/\/edupluschool.com\/wp-content\/uploads\/2022\/12\/virgile_prodhomme.jpg\" class=\"attachment-full size-full\" alt=\"\" loading=\"lazy\" \/><\/div><\/div><div class=\"w-separator size_custom\" style=\"height:15px\"><\/div><div class=\"wpb_text_column us_custom_0147183a\"><div class=\"wpb_wrapper\"><p>Virgile Prod\u2019homme<br \/>\nCEO \u2013 Founder EDU + School<\/p>\n<\/div><\/div><\/div><\/div><\/div><\/div><\/section>","protected":false},"excerpt":{"rendered":"Edu +, l\u2019essayer c\u2019est l\u2019adopterNos m\u00e9thodes \u00e9ducatives se fondent sur des m\u00e9thodes AGILE qui prennent en compte les besoins de l\u2019apprenant et en particulier les besoins communicatifs. Tous les cours ont un suivi p\u00e9dagogique via un \u201ccontrat d\u2019apprentissage\u201d, qui r\u00e9pond aux demandes d\u2019apprentissage d\u2019une langue, d\u2019une mati\u00e8re \u00e9ducative, d\u2019une formation professionnalisante. EDU + est une...","protected":false},"author":2,"featured_media":0,"parent":0,"menu_order":0,"comment_status":"closed","ping_status":"closed","template":"","meta":{"_acf_changed":false,"footnotes":""},"class_list":["post-8221","page","type-page","status-publish","hentry"],"acf":[],"yoast_head":"<!-- This site is optimized with the Yoast SEO plugin v27.3 - https:\/\/yoast.com\/product\/yoast-seo-wordpress\/ -->\n<title>A propos | Edupluschool<\/title>\n<meta name=\"description\" content=\"Cours de langues \u00e9trang\u00e8res individuels et collectifs, aide aux devoirs et formation professionnelle pour votre \u00e9panouissement personnel.\" \/>\n<meta name=\"robots\" content=\"index, follow, max-snippet:-1, max-image-preview:large, max-video-preview:-1\" \/>\n<link rel=\"canonical\" href=\"https:\/\/edupluschool.com\/en\/despre-noi\/\" \/>\n<meta property=\"og:locale\" content=\"en_GB\" \/>\n<meta property=\"og:type\" content=\"article\" \/>\n<meta property=\"og:title\" content=\"A propos | Edupluschool\" \/>\n<meta property=\"og:description\" content=\"Cours de langues \u00e9trang\u00e8res individuels et collectifs, aide aux devoirs et formation professionnelle pour votre \u00e9panouissement personnel.\" \/>\n<meta property=\"og:url\" content=\"https:\/\/edupluschool.com\/en\/despre-noi\/\" \/>\n<meta property=\"og:site_name\" content=\"Edupluschool\" \/>\n<meta property=\"article:publisher\" content=\"https:\/\/www.facebook.com\/edupluschool\/\" \/>\n<meta property=\"article:modified_time\" content=\"2023-07-19T13:26:45+00:00\" \/>\n<meta name=\"twitter:label1\" content=\"Estimated reading time\" \/>\n\t<meta name=\"twitter:data1\" content=\"2 minutes\" \/>\n<script type=\"application\/ld+json\" class=\"yoast-schema-graph\">{\"@context\":\"https:\\\/\\\/schema.org\",\"@graph\":[{\"@type\":\"WebPage\",\"@id\":\"https:\\\/\\\/edupluschool.com\\\/despre-noi\\\/\",\"url\":\"https:\\\/\\\/edupluschool.com\\\/despre-noi\\\/\",\"name\":\"A propos | Edupluschool\",\"isPartOf\":{\"@id\":\"https:\\\/\\\/edupluschool.com\\\/#website\"},\"datePublished\":\"2022-12-29T09:29:15+00:00\",\"dateModified\":\"2023-07-19T13:26:45+00:00\",\"description\":\"Cours de langues \u00e9trang\u00e8res individuels et collectifs, aide aux devoirs et formation professionnelle pour votre \u00e9panouissement personnel.\",\"inLanguage\":\"en-GB\",\"potentialAction\":[{\"@type\":\"ReadAction\",\"target\":[\"https:\\\/\\\/edupluschool.com\\\/despre-noi\\\/\"]}]},{\"@type\":\"WebSite\",\"@id\":\"https:\\\/\\\/edupluschool.com\\\/#website\",\"url\":\"https:\\\/\\\/edupluschool.com\\\/\",\"name\":\"Edupluschool\",\"description\":\"Education is the priority\",\"publisher\":{\"@id\":\"https:\\\/\\\/edupluschool.com\\\/#organization\"},\"alternateName\":\"Edu +\",\"potentialAction\":[{\"@type\":\"SearchAction\",\"target\":{\"@type\":\"EntryPoint\",\"urlTemplate\":\"https:\\\/\\\/edupluschool.com\\\/?s={search_term_string}\"},\"query-input\":{\"@type\":\"PropertyValueSpecification\",\"valueRequired\":true,\"valueName\":\"search_term_string\"}}],\"inLanguage\":\"en-GB\"},{\"@type\":\"Organization\",\"@id\":\"https:\\\/\\\/edupluschool.com\\\/#organization\",\"name\":\"EDU PLUS SCHOOL SRL\",\"alternateName\":\"EDU +\",\"url\":\"https:\\\/\\\/edupluschool.com\\\/\",\"logo\":{\"@type\":\"ImageObject\",\"inLanguage\":\"en-GB\",\"@id\":\"https:\\\/\\\/edupluschool.com\\\/#\\\/schema\\\/logo\\\/image\\\/\",\"url\":\"https:\\\/\\\/edupluschool.com\\\/wp-content\\\/uploads\\\/2022\\\/10\\\/logo-blue.png\",\"contentUrl\":\"https:\\\/\\\/edupluschool.com\\\/wp-content\\\/uploads\\\/2022\\\/10\\\/logo-blue.png\",\"width\":400,\"height\":102,\"caption\":\"EDU PLUS SCHOOL SRL\"},\"image\":{\"@id\":\"https:\\\/\\\/edupluschool.com\\\/#\\\/schema\\\/logo\\\/image\\\/\"},\"sameAs\":[\"https:\\\/\\\/www.facebook.com\\\/edupluschool\\\/\",\"https:\\\/\\\/www.instagram.com\\\/eduplus_school\\\/\"]}]}<\/script>\n<!-- \/ Yoast SEO plugin. -->","yoast_head_json":{"title":"A propos | Edupluschool","description":"Individual and group foreign language lessons, homework help and professional training for your personal development.","robots":{"index":"index","follow":"follow","max-snippet":"max-snippet:-1","max-image-preview":"max-image-preview:large","max-video-preview":"max-video-preview:-1"},"canonical":"https:\/\/edupluschool.com\/en\/despre-noi\/","og_locale":"en_GB","og_type":"article","og_title":"A propos | Edupluschool","og_description":"Cours de langues \u00e9trang\u00e8res individuels et collectifs, aide aux devoirs et formation professionnelle pour votre \u00e9panouissement personnel.","og_url":"https:\/\/edupluschool.com\/en\/despre-noi\/","og_site_name":"Edupluschool","article_publisher":"https:\/\/www.facebook.com\/edupluschool\/","article_modified_time":"2023-07-19T13:26:45+00:00","twitter_misc":{"Estimated reading time":"2 minutes"},"schema":{"@context":"https:\/\/schema.org","@graph":[{"@type":"WebPage","@id":"https:\/\/edupluschool.com\/despre-noi\/","url":"https:\/\/edupluschool.com\/despre-noi\/","name":"A propos | Edupluschool","isPartOf":{"@id":"https:\/\/edupluschool.com\/#website"},"datePublished":"2022-12-29T09:29:15+00:00","dateModified":"2023-07-19T13:26:45+00:00","description":"Individual and group foreign language lessons, homework help and professional training for your personal development.","inLanguage":"en-GB","potentialAction":[{"@type":"ReadAction","target":["https:\/\/edupluschool.com\/despre-noi\/"]}]},{"@type":"WebSite","@id":"https:\/\/edupluschool.com\/#website","url":"https:\/\/edupluschool.com\/","name":"Edupluschool","description":"Education is the priority","publisher":{"@id":"https:\/\/edupluschool.com\/#organization"},"alternateName":"Edu +","potentialAction":[{"@type":"SearchAction","target":{"@type":"EntryPoint","urlTemplate":"https:\/\/edupluschool.com\/?s={search_term_string}"},"query-input":{"@type":"PropertyValueSpecification","valueRequired":true,"valueName":"search_term_string"}}],"inLanguage":"en-GB"},{"@type":"Organization","@id":"https:\/\/edupluschool.com\/#organization","name":"EDU PLUS SCHOOL SRL","alternateName":"EDU +","url":"https:\/\/edupluschool.com\/","logo":{"@type":"ImageObject","inLanguage":"en-GB","@id":"https:\/\/edupluschool.com\/#\/schema\/logo\/image\/","url":"https:\/\/edupluschool.com\/wp-content\/uploads\/2022\/10\/logo-blue.png","contentUrl":"https:\/\/edupluschool.com\/wp-content\/uploads\/2022\/10\/logo-blue.png","width":400,"height":102,"caption":"EDU PLUS SCHOOL SRL"},"image":{"@id":"https:\/\/edupluschool.com\/#\/schema\/logo\/image\/"},"sameAs":["https:\/\/www.facebook.com\/edupluschool\/","https:\/\/www.instagram.com\/eduplus_school\/"]}]}},"_links":{"self":[{"href":"https:\/\/edupluschool.com\/en\/wp-json\/wp\/v2\/pages\/8221","targetHints":{"allow":["GET"]}}],"collection":[{"href":"https:\/\/edupluschool.com\/en\/wp-json\/wp\/v2\/pages"}],"about":[{"href":"https:\/\/edupluschool.com\/en\/wp-json\/wp\/v2\/types\/page"}],"author":[{"embeddable":true,"href":"https:\/\/edupluschool.com\/en\/wp-json\/wp\/v2\/users\/2"}],"replies":[{"embeddable":true,"href":"https:\/\/edupluschool.com\/en\/wp-json\/wp\/v2\/comments?post=8221"}],"version-history":[{"count":5,"href":"https:\/\/edupluschool.com\/en\/wp-json\/wp\/v2\/pages\/8221\/revisions"}],"predecessor-version":[{"id":10218,"href":"https:\/\/edupluschool.com\/en\/wp-json\/wp\/v2\/pages\/8221\/revisions\/10218"}],"wp:attachment":[{"href":"https:\/\/edupluschool.com\/en\/wp-json\/wp\/v2\/media?parent=8221"}],"curies":[{"name":"wp","href":"https:\/\/api.w.org\/{rel}","templated":true}]}}