{"id":55,"date":"2020-08-25T12:31:01","date_gmt":"2020-08-25T12:31:01","guid":{"rendered":"http:\/\/impreza23.us-themes.com\/?page_id=55"},"modified":"2023-06-30T18:26:48","modified_gmt":"2023-06-30T15:26:48","slug":"home","status":"publish","type":"page","link":"https:\/\/edupluschool.com\/en\/","title":{"rendered":"Accueil"},"content":{"rendered":"<section class=\"l-section wpb_row hide_on_default hide_on_laptops hide_on_tablets hide_on_mobiles height_small\" id=\"actu\"><div class=\"l-section-h i-cf\"><div class=\"g-cols vc_row via_grid cols_1 laptops-cols_inherit tablets-cols_inherit mobiles-cols_1 valign_top type_default stacking_default\"><div class=\"wpb_column vc_column_container\"><div class=\"vc_column-inner\"><h3 style=\"text-align: left\" class=\"vc_custom_heading vc_do_custom_heading us_custom_cda6f729\" >Nouveaut\u00e9 : Formation ISTQB Foundation Level<\/h3><div class=\"w-separator size_small\"><\/div><div class=\"wpb_text_column us_custom_b4198c51\"><div class=\"wpb_wrapper\"><p>Certifiez votre \u00e9quipe avec la norme internationale en mati\u00e8re de tests de logiciels.<br \/>\n<strong>Certification ISTQB du 28 au 30 juin 2023<\/strong><\/p>\n<\/div><\/div><div class=\"w-btn-wrapper align_none\"><a class=\"w-btn us-btn-style_1\" href=\"https:\/\/edupluschool.com\/en\/cours\/training-istqb\/\"><span class=\"w-btn-label\">EN SAVOIR PLUS<\/span><\/a><\/div><\/div><\/div><\/div><\/div><\/section><section class=\"l-section wpb_row hide_on_default hide_on_laptops hide_on_tablets hide_on_mobiles height_auto width_full\" id=\"actu2\"><div class=\"l-section-h i-cf\"><div class=\"g-cols vc_row via_grid cols_2 laptops-cols_inherit tablets-cols_inherit mobiles-cols_1 valign_middle type_default stacking_default\"><div class=\"wpb_column vc_column_container\"><div class=\"vc_column-inner\"><div class=\"w-image has_ratio align_none\"><div class=\"w-image-h\"><div style=\"padding-bottom:42.8571%\"><\/div><img decoding=\"async\" width=\"1000\" height=\"667\" src=\"https:\/\/edupluschool.com\/wp-content\/uploads\/2023\/05\/Formation-ISQTB-1.jpg\" class=\"attachment-large size-large\" alt=\"Formation ISQTB\" loading=\"lazy\" \/><\/div><\/div><\/div><\/div><div class=\"wpb_column vc_column_container\"><div class=\"vc_column-inner\"><h3 style=\"text-align: left\" class=\"vc_custom_heading vc_do_custom_heading us_custom_cda6f729\" >Nouveaut\u00e9 : Formation ISTQB Foundation Level<\/h3><div class=\"w-separator size_small\"><\/div><div class=\"wpb_text_column us_custom_b4198c51\"><div class=\"wpb_wrapper\"><p>Certifiez votre \u00e9quipe avec la norme internationale en mati\u00e8re de tests de logiciels.<br \/>\n<strong>Certification ISTQB du 28 au 30 juin 2023<\/strong><\/p>\n<\/div><\/div><div class=\"w-btn-wrapper align_none\"><a class=\"w-btn us-btn-style_1\" href=\"https:\/\/edupluschool.com\/en\/cours\/training-istqb\/\"><span class=\"w-btn-label\">EN SAVOIR PLUS<\/span><\/a><\/div><\/div><\/div><\/div><\/div><\/section><section class=\"l-section wpb_row height_large color_primary with_img\"><div class=\"l-section-img\" role=\"img\" aria-label=\"Image\" data-img-width=\"1200\" data-img-height=\"675\" style=\"background-image: url(https:\/\/edupluschool.com\/wp-content\/uploads\/2023\/01\/Edu-School.jpg);background-repeat: no-repeat;\"><\/div><div class=\"l-section-overlay\" style=\"background:linear-gradient(185deg,rgba(15,19,31,0.55),rgba(0,0,0,0.00))\"><\/div><div class=\"l-section-h i-cf\"><div class=\"g-cols vc_row via_grid cols_1 laptops-cols_inherit tablets-cols_inherit mobiles-cols_1 valign_top type_default stacking_default\"><div class=\"wpb_column vc_column_container\"><div class=\"vc_column-inner\"><div class=\"w-separator size_large\"><\/div><div class=\"w-separator size_large\"><\/div><div class=\"wpb_text_column us_custom_e10ff551\"><div class=\"wpb_wrapper\"><h1>Conjuguer r\u00e9ussite scolaire \/ professionnelle<br \/>\net \u00e9panouissement personnel<\/h1>\n<\/div><\/div><div class=\"w-separator size_large\"><\/div><div class=\"w-separator size_large\"><\/div><\/div><\/div><\/div><\/div><\/section><section class=\"l-section wpb_row height_auto\"><div class=\"l-section-h i-cf\"><div class=\"g-cols vc_row via_grid cols_3 laptops-cols_inherit tablets-cols_inherit mobiles-cols_1 valign_top type_default stacking_default\" style=\"--columns-gap:2rem;\"><div class=\"wpb_column vc_column_container\"><div class=\"vc_column-inner\"><div class=\"w-separator size_medium\"><\/div><div class=\"w-image align_center\"><a title=\"Cours de langues\" href=\"https:\/\/edupluschool.com\/langues\/\" aria-label=\"Langues\" class=\"w-image-h\"><img decoding=\"async\" width=\"400\" height=\"267\" src=\"https:\/\/edupluschool.com\/wp-content\/uploads\/2023\/02\/Langues.jpg\" class=\"attachment-full size-full\" alt=\"Langues\" loading=\"lazy\" srcset=\"https:\/\/edupluschool.com\/wp-content\/uploads\/2023\/02\/Langues.jpg 400w, https:\/\/edupluschool.com\/wp-content\/uploads\/2023\/02\/Langues-300x200.jpg 300w, https:\/\/edupluschool.com\/wp-content\/uploads\/2023\/02\/Langues-18x12.jpg 18w\" sizes=\"auto, (max-width: 400px) 100vw, 400px\" \/><\/a><\/div><h2 style=\"text-align: left;font-family:Abril Fatface;font-weight:400;font-style:normal\" class=\"vc_custom_heading vc_do_custom_heading us_custom_e27b368f\" >Cours de langues<\/h2><div class=\"wpb_text_column us_custom_d1d3b3c6\"><div class=\"wpb_wrapper\"><p>Avec EDU +, le monde s\u2019ouvre par l\u2019apprentissage des langues. Dans une \u00e9poque hyperconnect\u00e9e, la ma\u00eetrise d\u2019une langue \u00e9trang\u00e8re est essentielle \u00e0 tout \u00e2ge.<\/p>\n<\/div><\/div><div class=\"w-separator size_custom\" style=\"height:20px\"><\/div><div class=\"w-btn-wrapper align_center\"><a class=\"w-btn us-btn-style_15\" title=\"Cours de langues\" href=\"https:\/\/edupluschool.com\/en\/languages\/\"><span class=\"w-btn-label\">En savoir plus<\/span><\/a><\/div><div class=\"w-separator size_small\"><\/div><\/div><\/div><div class=\"wpb_column vc_column_container\"><div class=\"vc_column-inner\"><div class=\"w-separator size_medium\"><\/div><div class=\"w-image align_center\"><a title=\"Aide aux devoirs\" href=\"https:\/\/edupluschool.com\/aide-aux-devoirs\/\" aria-label=\"Aide aux devoirs\" class=\"w-image-h\"><img decoding=\"async\" width=\"400\" height=\"267\" src=\"https:\/\/edupluschool.com\/wp-content\/uploads\/2023\/02\/Aide-aux-devoirs.jpg\" class=\"attachment-full size-full\" alt=\"Aide aux devoirs\" loading=\"lazy\" srcset=\"https:\/\/edupluschool.com\/wp-content\/uploads\/2023\/02\/Aide-aux-devoirs.jpg 400w, https:\/\/edupluschool.com\/wp-content\/uploads\/2023\/02\/Aide-aux-devoirs-300x200.jpg 300w, https:\/\/edupluschool.com\/wp-content\/uploads\/2023\/02\/Aide-aux-devoirs-18x12.jpg 18w\" sizes=\"auto, (max-width: 400px) 100vw, 400px\" \/><\/a><\/div><h2 style=\"text-align: left;font-family:Abril Fatface;font-weight:400;font-style:normal\" class=\"vc_custom_heading vc_do_custom_heading us_custom_e27b368f\" >Aide aux devoirs<\/h2><div class=\"wpb_text_column us_custom_d1d3b3c6\"><div class=\"wpb_wrapper\"><p>Notre objectif : vous ouvrir les portes des meilleures universit\u00e9s. Avec une formule simple : je choisis la mati\u00e8re, la th\u00e9matique, le jour <strong>et je pratique<\/strong>.<\/p>\n<\/div><\/div><div class=\"w-separator size_custom\" style=\"height:20px\"><\/div><div class=\"w-btn-wrapper align_center\"><a class=\"w-btn us-btn-style_15\" title=\"Aide aux devoirs\" href=\"https:\/\/edupluschool.com\/en\/homework-help\/\"><span class=\"w-btn-label\">En savoir plus<\/span><\/a><\/div><div class=\"w-separator size_small\"><\/div><\/div><\/div><div class=\"wpb_column vc_column_container\"><div class=\"vc_column-inner\"><div class=\"w-separator size_medium\"><\/div><div class=\"w-image align_center\"><a title=\"Formation professionnelle\" href=\"https:\/\/edupluschool.com\/formation-professionnelle\/\" aria-label=\"Formation\" class=\"w-image-h\"><img decoding=\"async\" width=\"400\" height=\"267\" src=\"https:\/\/edupluschool.com\/wp-content\/uploads\/2023\/02\/Formation.jpg\" class=\"attachment-full size-full\" alt=\"Formation\" loading=\"lazy\" srcset=\"https:\/\/edupluschool.com\/wp-content\/uploads\/2023\/02\/Formation.jpg 400w, https:\/\/edupluschool.com\/wp-content\/uploads\/2023\/02\/Formation-300x200.jpg 300w, https:\/\/edupluschool.com\/wp-content\/uploads\/2023\/02\/Formation-18x12.jpg 18w\" sizes=\"auto, (max-width: 400px) 100vw, 400px\" \/><\/a><\/div><h2 style=\"text-align: left;font-family:Abril Fatface;font-weight:400;font-style:normal\" class=\"vc_custom_heading vc_do_custom_heading us_custom_e27b368f\" >Formation professionnelle<\/h2><div class=\"wpb_text_column us_custom_d1d3b3c6\"><div class=\"wpb_wrapper\"><p>Ceux qui visent l\u2019excellence doivent aussi pouvoir compter sur un accompagnement pour les aider \u00e0 construire et \u00e0 r\u00e9aliser leurs projets, quel que soit leur \u00e2ge.<\/p>\n<\/div><\/div><div class=\"w-separator size_custom\" style=\"height:20px\"><\/div><div class=\"w-btn-wrapper align_center\"><button class=\"w-btn us-btn-style_17\" type=\"button\"><span class=\"w-btn-label\">Prochainement<\/span><\/button><\/div><div class=\"w-separator size_small\"><\/div><\/div><\/div><\/div><\/div><\/section><section class=\"l-section wpb_row us_custom_0d15be52 height_medium\"><div class=\"l-section-h i-cf\"><div class=\"g-cols vc_row via_grid cols_2 laptops-cols_inherit tablets-cols_inherit mobiles-cols_1 valign_middle type_default stacking_default\" style=\"--columns-gap:1.5rem;\"><div class=\"wpb_column vc_column_container\"><div class=\"vc_column-inner\"><h2 style=\"text-align: left;font-family:Abril Fatface;font-weight:400;font-style:normal\" class=\"vc_custom_heading vc_do_custom_heading us_custom_698ebf1c\" >Nous vous accompagnons dans votre projet<\/h2><div class=\"wpb_text_column\"><div class=\"wpb_wrapper\"><p>Nos solutions ne sont pas r\u00e9serv\u00e9es \u00e0 ceux qui rencontrent des difficult\u00e9s. Toute personne peut, \u00e0 un moment ou \u00e0 un autre de sa scolarit\u00e9 et de sa formation, avoir besoin d\u2019un coup de pouce pour reprendre confiance ou pour se remotiver.<\/p>\n<\/div><\/div><\/div><\/div><div class=\"wpb_column vc_column_container\"><div class=\"vc_column-inner\"><div class=\"w-image has_ratio align_none\"><div class=\"w-image-h\"><div style=\"padding-bottom:56.25%\"><\/div><img decoding=\"async\" width=\"600\" height=\"400\" src=\"https:\/\/edupluschool.com\/wp-content\/uploads\/2023\/02\/Accompagnement.jpg\" class=\"attachment-large size-large\" alt=\"Nous vous accompagnons dans votre projet\" loading=\"lazy\" \/><\/div><\/div><\/div><\/div><\/div><\/div><\/section><section class=\"l-section wpb_row height_medium\"><div class=\"l-section-h i-cf\"><div class=\"g-cols vc_row via_grid cols_2 laptops-cols_inherit tablets-cols_inherit mobiles-cols_1 valign_middle type_default stacking_default\" style=\"--columns-gap:1.5rem;\"><div class=\"wpb_column vc_column_container\"><div class=\"vc_column-inner\"><div class=\"w-image has_ratio align_none\"><div class=\"w-image-h\"><div style=\"padding-bottom:56.25%\"><\/div><img decoding=\"async\" width=\"600\" height=\"400\" src=\"https:\/\/edupluschool.com\/wp-content\/uploads\/2023\/02\/Pedagogie-active.jpg\" class=\"attachment-large size-large\" alt=\"Pe\u0301dagogie active\" loading=\"lazy\" \/><\/div><\/div><\/div><\/div><div class=\"wpb_column vc_column_container\"><div class=\"vc_column-inner\"><h2 style=\"text-align: left;font-family:Abril Fatface;font-weight:400;font-style:normal\" class=\"vc_custom_heading vc_do_custom_heading us_custom_698ebf1c\" >Une p\u00e9dagogie active<\/h2><div class=\"wpb_text_column\"><div class=\"wpb_wrapper\"><p>Par une p\u00e9dagogie active centr\u00e9e sur les besoins de l\u2019apprenant, avec un contrat d\u2019apprentissage. Chaque apprenant d\u2019EDU+ sait o\u00f9 il va, comment il y va et pourquoi il y va. Via la communication, l\u2019action, l\u2019apprenant apprend mieux et plus vite. EDU+ de pratique !<\/p>\n<\/div><\/div><\/div><\/div><\/div><\/div><\/section><section class=\"l-section wpb_row us_custom_0d15be52 height_medium\"><div class=\"l-section-h i-cf\"><div class=\"g-cols vc_row via_grid cols_2 laptops-cols_inherit tablets-cols_inherit mobiles-cols_1 valign_middle type_default stacking_default\" style=\"--columns-gap:1.5rem;\"><div class=\"wpb_column vc_column_container\"><div class=\"vc_column-inner\"><h2 style=\"text-align: left;font-family:Abril Fatface;font-weight:400;font-style:normal\" class=\"vc_custom_heading vc_do_custom_heading us_custom_698ebf1c\" >R\u00e9alisez vos projets<\/h2><div class=\"wpb_text_column\"><div class=\"wpb_wrapper\"><p>Nous avons un cap : tout faire pour que vous ou votre enfant puisse se r\u00e9aliser pleinement dans son parcours d\u2019apprentissage et de formation linguistique, scolaire et professionnelle.<\/p>\n<p>C\u2019est pouvoir construire progressivement un projet d\u2019\u00e9tudes auquel on croit, un projet motivant qui donne envie de s\u2019investir chaque jour davantage. C\u2019est notre raison d\u2019\u00eatre et d\u2019agir. Chez EDU+, on se forme toute la vie !<\/p>\n<\/div><\/div><\/div><\/div><div class=\"wpb_column vc_column_container\"><div class=\"vc_column-inner\"><div class=\"w-image has_ratio align_none\"><div class=\"w-image-h\"><div style=\"padding-bottom:56.25%\"><\/div><img decoding=\"async\" width=\"600\" height=\"400\" src=\"https:\/\/edupluschool.com\/wp-content\/uploads\/2023\/02\/Projets.jpg\" class=\"attachment-large size-large\" alt=\"R\u00e9alisez vos projets\" loading=\"lazy\" \/><\/div><\/div><\/div><\/div><\/div><\/div><\/section><section class=\"l-section wpb_row us_custom_c70c97eb hide_on_default hide_on_laptops hide_on_tablets hide_on_mobiles height_medium\" id=\"reviews\"><div class=\"l-section-h i-cf\"><div class=\"g-cols vc_row via_grid cols_1-3-1 laptops-cols_inherit tablets-cols_inherit mobiles-cols_1 valign_top type_default stacking_default\"><div class=\"wpb_column vc_column_container\"><div class=\"vc_column-inner\"><\/div><\/div><div class=\"wpb_column vc_column_container\"><div class=\"vc_column-inner\"><div class=\"w-grid us_grid type_grid layout_testimonial_1 cols_1 preload_style_spinner\" id=\"us_grid_1\" style=\"--columns:1;--gap:1.5rem;\" data-filterable=\"true\"><style>.layout_testimonial_1 .w-grid-item-h{}.layout_testimonial_1 .usg_vwrapper_1{transition-duration:0.3s;transform-origin:50% 50%;transform:scale(1) translate(0%,0%)}.layout_testimonial_1 .w-grid-item-h:focus-within .usg_vwrapper_1,.layout_testimonial_1 .w-grid-item-h:hover .usg_vwrapper_1{transform:scale(1) translate(0%,0%);opacity:1;border-color:var(--color-content-primary)!important}.layout_testimonial_1 .usg_vwrapper_1{border-radius:var(--site-border-radius)!important;padding:2rem!important;border:2px solid var(--color-content-border)!important}.layout_testimonial_1 .usg_hwrapper_1{margin-bottom:1rem!important}.layout_testimonial_1 .usg_post_image_1{width:4rem!important;margin-left:0!important;margin-right:1rem!important}.layout_testimonial_1 .usg_post_custom_field_1{font-weight:700!important;line-height:1.5!important;margin-bottom:0!important}.layout_testimonial_1 .usg_post_custom_field_2{color:var(--color-content-faded)!important;font-size:0.9rem!important;line-height:1.5!important}.layout_testimonial_1 .usg_post_custom_field_3{color:var(--color-content-primary)!important}<\/style><div class=\"w-grid-list\">\t<article class=\"w-grid-item size_1x1 post-7908 us_testimonial type-us_testimonial status-publish hentry\" data-id=\"7908\">\r\n\t\t<div class=\"w-grid-item-h\">\r\n\t\t\t\t\t\t<div class=\"w-vwrapper usg_vwrapper_1 align_none valign_top\"><div class=\"w-post-elm post_custom_field usg_post_custom_field_3 has_text_color type_icon us_testimonial_rating color_link_inherit\"><div class=\"w-testimonial-rating\"><i><\/i><i><\/i><i><\/i><i><\/i><i><\/i><\/div><\/div><div class=\"w-post-elm post_content usg_post_content_1\"><p>J&rsquo;ai ador\u00e9 apprendre avec cette m\u00e9thode.<\/p>\n<\/div><div class=\"w-hwrapper usg_hwrapper_1 align_none valign_middle\"><div class=\"w-vwrapper usg_vwrapper_2 align_none valign_top\"><div class=\"w-post-elm post_custom_field usg_post_custom_field_1 type_text us_testimonial_author\"><span class=\"w-post-elm-value\">Razvan<\/span><\/div><div class=\"w-post-elm post_custom_field usg_post_custom_field_2 has_text_color type_text us_testimonial_role color_link_inherit\"><span class=\"w-post-elm-value\">Etudiant<\/span><\/div><\/div><\/div><\/div>\t\t<\/div>\r\n\t\t\t<\/article>\r\n<\/div>\t<div class=\"w-grid-preloader\">\r\n\t\t<div class=\"g-preloader type_1\">\r\n\t\t\t<div><\/div>\r\n\t\t<\/div>\r\n\t<\/div>\r\n\t\t<div class=\"w-grid-json hidden\" onclick='return {&quot;action&quot;:&quot;us_ajax_grid&quot;,&quot;infinite_scroll&quot;:0,&quot;max_num_pages&quot;:1,&quot;pagination&quot;:&quot;none&quot;,&quot;template_vars&quot;:{&quot;columns&quot;:&quot;1&quot;,&quot;exclude_items&quot;:&quot;none&quot;,&quot;img_size&quot;:&quot;default&quot;,&quot;ignore_items_size&quot;:0,&quot;items_layout&quot;:&quot;testimonial_1&quot;,&quot;items_offset&quot;:&quot;1&quot;,&quot;load_animation&quot;:&quot;none&quot;,&quot;overriding_link&quot;:&quot;{\\&quot;url\\&quot;:\\&quot;\\&quot;}&quot;,&quot;post_id&quot;:0,&quot;query_args&quot;:{&quot;post_type&quot;:[&quot;us_testimonial&quot;],&quot;post_status&quot;:[&quot;publish&quot;,&quot;acf-disabled&quot;],&quot;posts_per_page&quot;:&quot;10&quot;},&quot;orderby_query_args&quot;:{&quot;orderby&quot;:{&quot;date&quot;:&quot;DESC&quot;}},&quot;type&quot;:&quot;grid&quot;,&quot;us_grid_post_type&quot;:&quot;us_testimonial&quot;,&quot;us_grid_ajax_index&quot;:1,&quot;us_grid_filter_query_string&quot;:null,&quot;us_grid_index&quot;:1,&quot;page_args&quot;:[]}}'><\/div>\r\n\t<\/div><\/div><\/div><div class=\"wpb_column vc_column_container\"><div class=\"vc_column-inner\"><\/div><\/div><\/div><\/div><\/section>\n","protected":false},"excerpt":{"rendered":"J'ai ador\u00e9 apprendre avec cette m\u00e9thode.","protected":false},"author":2,"featured_media":0,"parent":0,"menu_order":0,"comment_status":"closed","ping_status":"closed","template":"","meta":{"_acf_changed":false,"footnotes":""},"class_list":["post-55","page","type-page","status-publish","hentry"],"acf":[],"yoast_head":"<!-- This site is optimized with the Yoast SEO plugin v27.3 - https:\/\/yoast.com\/product\/yoast-seo-wordpress\/ -->\n<title>Accueil | Edupluschool<\/title>\n<meta name=\"description\" content=\"Cours de langues \u00e9trang\u00e8res individuels et collectifs, aide aux devoirs et formation professionnelle pour votre \u00e9panouissement personnel.\" \/>\n<meta name=\"robots\" content=\"index, follow, max-snippet:-1, max-image-preview:large, max-video-preview:-1\" \/>\n<link rel=\"canonical\" href=\"https:\/\/edupluschool.com\/en\/\" \/>\n<meta property=\"og:locale\" content=\"en_GB\" \/>\n<meta property=\"og:type\" content=\"article\" \/>\n<meta property=\"og:title\" content=\"Accueil | Edupluschool\" \/>\n<meta property=\"og:description\" content=\"Cours de langues \u00e9trang\u00e8res individuels et collectifs, aide aux devoirs et formation professionnelle pour votre \u00e9panouissement personnel.\" \/>\n<meta property=\"og:url\" content=\"https:\/\/edupluschool.com\/en\/\" \/>\n<meta property=\"og:site_name\" content=\"Edupluschool\" \/>\n<meta property=\"article:publisher\" content=\"https:\/\/www.facebook.com\/edupluschool\/\" \/>\n<meta property=\"article:modified_time\" content=\"2023-06-30T15:26:48+00:00\" \/>\n<meta name=\"twitter:label1\" content=\"Estimated reading time\" \/>\n\t<meta name=\"twitter:data1\" content=\"3 minutes\" \/>\n<script type=\"application\/ld+json\" class=\"yoast-schema-graph\">{\"@context\":\"https:\\\/\\\/schema.org\",\"@graph\":[{\"@type\":\"WebPage\",\"@id\":\"https:\\\/\\\/edupluschool.com\\\/\",\"url\":\"https:\\\/\\\/edupluschool.com\\\/\",\"name\":\"Accueil | Edupluschool\",\"isPartOf\":{\"@id\":\"https:\\\/\\\/edupluschool.com\\\/#website\"},\"datePublished\":\"2020-08-25T12:31:01+00:00\",\"dateModified\":\"2023-06-30T15:26:48+00:00\",\"description\":\"Cours de langues \u00e9trang\u00e8res individuels et collectifs, aide aux devoirs et formation professionnelle pour votre \u00e9panouissement personnel.\",\"inLanguage\":\"en-GB\",\"potentialAction\":[{\"@type\":\"ReadAction\",\"target\":[\"https:\\\/\\\/edupluschool.com\\\/\"]}]},{\"@type\":\"WebSite\",\"@id\":\"https:\\\/\\\/edupluschool.com\\\/#website\",\"url\":\"https:\\\/\\\/edupluschool.com\\\/\",\"name\":\"Edupluschool\",\"description\":\"Education is the priority\",\"publisher\":{\"@id\":\"https:\\\/\\\/edupluschool.com\\\/#organization\"},\"alternateName\":\"Edu +\",\"potentialAction\":[{\"@type\":\"SearchAction\",\"target\":{\"@type\":\"EntryPoint\",\"urlTemplate\":\"https:\\\/\\\/edupluschool.com\\\/?s={search_term_string}\"},\"query-input\":{\"@type\":\"PropertyValueSpecification\",\"valueRequired\":true,\"valueName\":\"search_term_string\"}}],\"inLanguage\":\"en-GB\"},{\"@type\":\"Organization\",\"@id\":\"https:\\\/\\\/edupluschool.com\\\/#organization\",\"name\":\"EDU PLUS SCHOOL SRL\",\"alternateName\":\"EDU +\",\"url\":\"https:\\\/\\\/edupluschool.com\\\/\",\"logo\":{\"@type\":\"ImageObject\",\"inLanguage\":\"en-GB\",\"@id\":\"https:\\\/\\\/edupluschool.com\\\/#\\\/schema\\\/logo\\\/image\\\/\",\"url\":\"https:\\\/\\\/edupluschool.com\\\/wp-content\\\/uploads\\\/2022\\\/10\\\/logo-blue.png\",\"contentUrl\":\"https:\\\/\\\/edupluschool.com\\\/wp-content\\\/uploads\\\/2022\\\/10\\\/logo-blue.png\",\"width\":400,\"height\":102,\"caption\":\"EDU PLUS SCHOOL SRL\"},\"image\":{\"@id\":\"https:\\\/\\\/edupluschool.com\\\/#\\\/schema\\\/logo\\\/image\\\/\"},\"sameAs\":[\"https:\\\/\\\/www.facebook.com\\\/edupluschool\\\/\",\"https:\\\/\\\/www.instagram.com\\\/eduplus_school\\\/\"]}]}<\/script>\n<!-- \/ Yoast SEO plugin. -->","yoast_head_json":{"title":"Home | Edupluschool","description":"Individual and group foreign language lessons, homework help and professional training for your personal development.","robots":{"index":"index","follow":"follow","max-snippet":"max-snippet:-1","max-image-preview":"max-image-preview:large","max-video-preview":"max-video-preview:-1"},"canonical":"https:\/\/edupluschool.com\/en\/","og_locale":"en_GB","og_type":"article","og_title":"Accueil | Edupluschool","og_description":"Cours de langues \u00e9trang\u00e8res individuels et collectifs, aide aux devoirs et formation professionnelle pour votre \u00e9panouissement personnel.","og_url":"https:\/\/edupluschool.com\/en\/","og_site_name":"Edupluschool","article_publisher":"https:\/\/www.facebook.com\/edupluschool\/","article_modified_time":"2023-06-30T15:26:48+00:00","twitter_misc":{"Estimated reading time":"3 minutes"},"schema":{"@context":"https:\/\/schema.org","@graph":[{"@type":"WebPage","@id":"https:\/\/edupluschool.com\/","url":"https:\/\/edupluschool.com\/","name":"Home | Edupluschool","isPartOf":{"@id":"https:\/\/edupluschool.com\/#website"},"datePublished":"2020-08-25T12:31:01+00:00","dateModified":"2023-06-30T15:26:48+00:00","description":"Individual and group foreign language lessons, homework help and professional training for your personal development.","inLanguage":"en-GB","potentialAction":[{"@type":"ReadAction","target":["https:\/\/edupluschool.com\/"]}]},{"@type":"WebSite","@id":"https:\/\/edupluschool.com\/#website","url":"https:\/\/edupluschool.com\/","name":"Edupluschool","description":"Education is the priority","publisher":{"@id":"https:\/\/edupluschool.com\/#organization"},"alternateName":"Edu +","potentialAction":[{"@type":"SearchAction","target":{"@type":"EntryPoint","urlTemplate":"https:\/\/edupluschool.com\/?s={search_term_string}"},"query-input":{"@type":"PropertyValueSpecification","valueRequired":true,"valueName":"search_term_string"}}],"inLanguage":"en-GB"},{"@type":"Organization","@id":"https:\/\/edupluschool.com\/#organization","name":"EDU PLUS SCHOOL SRL","alternateName":"EDU +","url":"https:\/\/edupluschool.com\/","logo":{"@type":"ImageObject","inLanguage":"en-GB","@id":"https:\/\/edupluschool.com\/#\/schema\/logo\/image\/","url":"https:\/\/edupluschool.com\/wp-content\/uploads\/2022\/10\/logo-blue.png","contentUrl":"https:\/\/edupluschool.com\/wp-content\/uploads\/2022\/10\/logo-blue.png","width":400,"height":102,"caption":"EDU PLUS SCHOOL SRL"},"image":{"@id":"https:\/\/edupluschool.com\/#\/schema\/logo\/image\/"},"sameAs":["https:\/\/www.facebook.com\/edupluschool\/","https:\/\/www.instagram.com\/eduplus_school\/"]}]}},"_links":{"self":[{"href":"https:\/\/edupluschool.com\/en\/wp-json\/wp\/v2\/pages\/55","targetHints":{"allow":["GET"]}}],"collection":[{"href":"https:\/\/edupluschool.com\/en\/wp-json\/wp\/v2\/pages"}],"about":[{"href":"https:\/\/edupluschool.com\/en\/wp-json\/wp\/v2\/types\/page"}],"author":[{"embeddable":true,"href":"https:\/\/edupluschool.com\/en\/wp-json\/wp\/v2\/users\/2"}],"replies":[{"embeddable":true,"href":"https:\/\/edupluschool.com\/en\/wp-json\/wp\/v2\/comments?post=55"}],"version-history":[{"count":5,"href":"https:\/\/edupluschool.com\/en\/wp-json\/wp\/v2\/pages\/55\/revisions"}],"predecessor-version":[{"id":10206,"href":"https:\/\/edupluschool.com\/en\/wp-json\/wp\/v2\/pages\/55\/revisions\/10206"}],"wp:attachment":[{"href":"https:\/\/edupluschool.com\/en\/wp-json\/wp\/v2\/media?parent=55"}],"curies":[{"name":"wp","href":"https:\/\/api.w.org\/{rel}","templated":true}]}}